{"id":1408167,"date":"2023-04-05T10:04:45","date_gmt":"2023-04-05T10:04:45","guid":{"rendered":"https:\/\/culture.ixelles.be\/?page_id=1408167"},"modified":"2023-04-05T10:04:45","modified_gmt":"2023-04-05T10:04:45","slug":"appel-atelier-eu","status":"publish","type":"page","link":"https:\/\/culture.ixelles.be\/en\/appel-atelier-eu\/","title":{"rendered":"Appel Atelier EU"},"content":{"rendered":"<div class=\"wpforms-container \" id=\"wpforms-1408114\"><form id=\"wpforms-form-1408114\" class=\"wpforms-validate wpforms-form\" data-formid=\"1408114\" method=\"post\" enctype=\"multipart\/form-data\" action=\"\/en\/wp-json\/wp\/v2\/pages\/1408167?wpforms_form_id=1408114\" data-token=\"bef02450ecdd7b3e7a15f67c2ca422df\"><noscript class=\"wpforms-error-noscript\">Please enable JavaScript in your browser to complete this form.<\/noscript><div class=\"wpforms-field-container\"><div id=\"wpforms-1408114-field_17-container\" class=\"wpforms-field wpforms-field-divider\" data-field-id=\"17\"><h3 id=\"wpforms-1408114-field_17\" name=\"wpforms[fields][17]\">Formulaire de candidature &#039;KULT XL Ateliers 2023 - atelier europ\u00e9en&#039;<\/h3><\/div><div id=\"wpforms-1408114-field_146-container\" class=\"wpforms-field wpforms-field-divider\" data-field-id=\"146\"><h3 id=\"wpforms-1408114-field_146\" name=\"wpforms[fields][146]\">1. Informations relatives au candidat<\/h3><\/div><div id=\"wpforms-1408114-field_132-container\" class=\"wpforms-field wpforms-field-radio wpforms-conditional-trigger\" data-field-id=\"132\"><label class=\"wpforms-field-label\" for=\"wpforms-1408114-field_132\">Vous \u00eates <span class=\"wpforms-required-label\">*<\/span><\/label><ul id=\"wpforms-1408114-field_132\" class=\"wpforms-field-required\"><li class=\"choice-1 depth-1\"><input type=\"radio\" id=\"wpforms-1408114-field_132_1\" name=\"wpforms[fields][132]\" value=\"une personne physique ou repr\u00e9sentant d&#039;une association de fait\" required ><label class=\"wpforms-field-label-inline\" for=\"wpforms-1408114-field_132_1\">une personne physique ou repr\u00e9sentant d'une association de fait<\/label><\/li><li class=\"choice-2 depth-1\"><input type=\"radio\" id=\"wpforms-1408114-field_132_2\" name=\"wpforms[fields][132]\" value=\"une personne morale\" required ><label class=\"wpforms-field-label-inline\" for=\"wpforms-1408114-field_132_2\">une personne morale<\/label><\/li><\/ul><\/div><div id=\"wpforms-1408114-field_147-container\" class=\"wpforms-field wpforms-field-name wpforms-conditional-field wpforms-conditional-hide\" data-field-id=\"147\"><label class=\"wpforms-field-label\" for=\"wpforms-1408114-field_147\">Pr\u00e9nom <span class=\"wpforms-required-label\">*<\/span><\/label><input type=\"text\" id=\"wpforms-1408114-field_147\" class=\"wpforms-field-medium wpforms-field-required\" name=\"wpforms[fields][147]\" required><\/div><div id=\"wpforms-1408114-field_9-container\" class=\"wpforms-field wpforms-field-name wpforms-conditional-field wpforms-conditional-hide\" data-field-id=\"9\"><label class=\"wpforms-field-label\" for=\"wpforms-1408114-field_9\">Nom <span class=\"wpforms-required-label\">*<\/span><\/label><input type=\"text\" id=\"wpforms-1408114-field_9\" class=\"wpforms-field-medium wpforms-field-required\" name=\"wpforms[fields][9]\" required><\/div><div id=\"wpforms-1408114-field_143-container\" class=\"wpforms-field wpforms-field-name wpforms-conditional-field wpforms-conditional-hide\" data-field-id=\"143\"><label class=\"wpforms-field-label\" for=\"wpforms-1408114-field_143\">Nom de l&#039;organisation <span class=\"wpforms-required-label\">*<\/span><\/label><input type=\"text\" id=\"wpforms-1408114-field_143\" class=\"wpforms-field-medium wpforms-field-required\" name=\"wpforms[fields][143]\" required><\/div><div id=\"wpforms-1408114-field_148-container\" class=\"wpforms-field wpforms-field-name wpforms-conditional-field wpforms-conditional-hide\" data-field-id=\"148\"><label class=\"wpforms-field-label\" for=\"wpforms-1408114-field_148\">Pr\u00e9nom du repr\u00e9sentant <span class=\"wpforms-required-label\">*<\/span><\/label><input type=\"text\" id=\"wpforms-1408114-field_148\" class=\"wpforms-field-medium wpforms-field-required\" name=\"wpforms[fields][148]\" required><\/div><div id=\"wpforms-1408114-field_142-container\" class=\"wpforms-field wpforms-field-name wpforms-conditional-field wpforms-conditional-hide\" data-field-id=\"142\"><label class=\"wpforms-field-label\" for=\"wpforms-1408114-field_142\">Nom du repr\u00e9sentant <span class=\"wpforms-required-label\">*<\/span><\/label><input type=\"text\" id=\"wpforms-1408114-field_142\" class=\"wpforms-field-medium wpforms-field-required\" name=\"wpforms[fields][142]\" required><\/div><div id=\"wpforms-1408114-field_150-container\" class=\"wpforms-field wpforms-field-text\" data-field-id=\"150\"><label class=\"wpforms-field-label\" for=\"wpforms-1408114-field_150\">Code postal <span class=\"wpforms-required-label\">*<\/span><\/label><input type=\"text\" id=\"wpforms-1408114-field_150\" class=\"wpforms-field-medium wpforms-field-required\" name=\"wpforms[fields][150]\" required><\/div><div id=\"wpforms-1408114-field_151-container\" class=\"wpforms-field wpforms-field-text\" data-field-id=\"151\"><label class=\"wpforms-field-label\" for=\"wpforms-1408114-field_151\">Commune <span class=\"wpforms-required-label\">*<\/span><\/label><input type=\"text\" id=\"wpforms-1408114-field_151\" class=\"wpforms-field-medium wpforms-field-required\" name=\"wpforms[fields][151]\" required><\/div><div id=\"wpforms-1408114-field_11-container\" class=\"wpforms-field wpforms-field-phone\" data-field-id=\"11\"><label class=\"wpforms-field-label\" for=\"wpforms-1408114-field_11\">T\u00e9l\u00e9phone<\/label><input type=\"tel\" id=\"wpforms-1408114-field_11\" class=\"wpforms-field-medium wpforms-smart-phone-field\" data-rule-smart-phone-field=\"true\" name=\"wpforms[fields][11]\" ><\/div><div id=\"wpforms-1408114-field_12-container\" class=\"wpforms-field wpforms-field-email\" data-field-id=\"12\"><label class=\"wpforms-field-label\" for=\"wpforms-1408114-field_12\">E-mail <span class=\"wpforms-required-label\">*<\/span><\/label><input type=\"email\" id=\"wpforms-1408114-field_12\" class=\"wpforms-field-medium wpforms-field-required\" name=\"wpforms[fields][12]\" placeholder=\"ilove@ixelles.be\" required><\/div><div id=\"wpforms-1408114-field_126-container\" class=\"wpforms-field wpforms-field-divider\" data-field-id=\"126\"><h3 id=\"wpforms-1408114-field_126\" name=\"wpforms[fields][126]\">2. Annexes<\/h3><div class=\"wpforms-field-description\">Votre dossier ne sera recevable que si les documents suivants sont annex\u00e9s \u00e0 la demande : <br \/><br \/>\r\n<strong>1) Le formulaire de candidature rempli et sign\u00e9.<\/strong><br \/>\r\n<strong>2) Une preuve du mandat du repr\u00e9sentant <\/strong> (ex. statuts pour une asbl), si vous soumettez votre dossier en tant que personne morale. <br \/>\r\n<strong>3) Un bref portfolio <\/strong> comprenant une dizaine de reproductions photographiques d\u2019\u0153uvres et\/ou d\u2019exposition, et le cas \u00e9ch\u00e9ant maximum cinq liens menant vers l\u2019\u0153uvre vid\u00e9ographique et\/ou performatrice du\/de la candidat\u2022e. <br \/>\r\n<strong>4) Un curriculum vitae<\/strong> du\/de la candidat\u2022e. En cas de candidature commune, <strong>un curriculum vitae de chaque membre du collectif <\/strong>.\r\n<br \/><br \/><\/div><\/div><div id=\"wpforms-1408114-field_128-container\" class=\"wpforms-field wpforms-field-file-upload\" data-field-id=\"128\"><label class=\"wpforms-field-label\" for=\"wpforms-1408114-field_128\">T\u00e9l\u00e9charger les annexes ici (.pdf, .doc, .docx) <span class=\"wpforms-required-label\">*<\/span><\/label><div class=\"wpforms-uploader\"\n\tdata-field-id=\"128\"\n\tdata-form-id=\"1408114\"\n\tdata-input-name=\"wpforms_1408114_128\"\n\tdata-extensions=\"pdf,doc,docx\"\n\tdata-max-size=\"2147483648\"\n\tdata-max-file-number=\"15\"\n\tdata-post-max-size=\"2147483648\"\n    data-max-parallel-uploads=\"4\"\n    data-parallel-uploads=\"true\"\n\tdata-file-chunk-size=\"2097152\">\n\t<div class=\"dz-message\">\n\t\t<svg viewBox=\"0 0 1024 1024\" focusable=\"false\" class=\"\" data-icon=\"inbox\" width=\"50px\" height=\"50px\" fill=\"#B1B1B1\" aria-hidden=\"true\"><path d=\"M885.2 446.3l-.2-.8-112.2-285.1c-5-16.1-19.9-27.2-36.8-27.2H281.2c-17 0-32.1 11.3-36.9 27.6L139.4 443l-.3.7-.2.8c-1.3 4.9-1.7 9.9-1 14.8-.1 1.6-.2 3.2-.2 4.8V830a60.9 60.9 0 0 0 60.8 60.8h627.2c33.5 0 60.8-27.3 60.9-60.8V464.1c0-1.3 0-2.6-.1-3.7.4-4.9 0-9.6-1.3-14.1zm-295.8-43l-.3 15.7c-.8 44.9-31.8 75.1-77.1 75.1-22.1 0-41.1-7.1-54.8-20.6S436 441.2 435.6 419l-.3-15.7H229.5L309 210h399.2l81.7 193.3H589.4zm-375 76.8h157.3c24.3 57.1 76 90.8 140.4 90.8 33.7 0 65-9.4 90.3-27.2 22.2-15.6 39.5-37.4 50.7-63.6h156.5V814H214.4V480.1z\"><\/path><\/svg>\n\t\t<span class=\"modern-title\">\n\t\t\tClick or drag files to this area to upload.\t\t<\/span>\n\n\t\t\t\t\t<span class=\"modern-hint\">\n\t\t\t\tYou can upload up to 15 files.\t\t\t<\/span>\n\t\t\t<\/div>\n<\/div>\n<input type=\"text\" class=\"dropzone-input\"\n\tstyle=\"position:absolute!important;clip:rect(0,0,0,0)!important;height:1px!important;width:1px!important;border:0!important;overflow:hidden!important;padding:0!important;margin:0!important;\"\n\tid=\"wpforms-1408114-field_128\"\n\tname=\"wpforms_1408114_128\" required>\n<\/div><div id=\"wpforms-1408114-field_127-container\" class=\"wpforms-field wpforms-field-checkbox\" data-field-id=\"127\"><label class=\"wpforms-field-label wpforms-label-hide\" for=\"wpforms-1408114-field_127\">Newsletter<\/label><ul id=\"wpforms-1408114-field_127\"><li class=\"choice-1 depth-1\"><input type=\"checkbox\" id=\"wpforms-1408114-field_127_1\" name=\"wpforms[fields][127][]\" value=\"Je donne mon accord pour recevoir la newsletter du service Culture et accepte le traitement de mes donn\u00e9es conform\u00e9ment \u00e0 la politique de confidentialit\u00e9 (https:\/\/culture.ixelles.be\/fr\/politique-de-confidentialite) \"  ><label class=\"wpforms-field-label-inline\" for=\"wpforms-1408114-field_127_1\">Je donne mon accord pour recevoir la newsletter du service Culture et accepte le traitement de mes donn\u00e9es conform\u00e9ment \u00e0 la politique de confidentialit\u00e9 (https:\/\/culture.ixelles.be\/fr\/politique-de-confidentialite) <\/label><\/li><\/ul><\/div><div id=\"wpforms-1408114-field_145-container\" class=\"wpforms-field wpforms-field-checkbox\" data-field-id=\"145\"><label class=\"wpforms-field-label wpforms-label-hide\" for=\"wpforms-1408114-field_145\">Certifi\u00e9 sinc\u00e8re et v\u00e9ritable <span class=\"wpforms-required-label\">*<\/span><\/label><ul id=\"wpforms-1408114-field_145\" class=\"wpforms-field-required\"><li class=\"choice-1 depth-1\"><input type=\"checkbox\" id=\"wpforms-1408114-field_145_1\" name=\"wpforms[fields][145][]\" value=\"Certifi\u00e9 sinc\u00e8re et v\u00e9ritable\" required ><label class=\"wpforms-field-label-inline\" for=\"wpforms-1408114-field_145_1\">Certifi\u00e9 sinc\u00e8re et v\u00e9ritable<\/label><\/li><\/ul><\/div><div id=\"wpforms-1408114-field_152-container\" class=\"wpforms-field wpforms-field-hidden\" data-field-id=\"152\"><input type=\"hidden\" id=\"wpforms-1408114-field_152\" name=\"wpforms[fields][152]\" value=\"2026-04-18 15:16:31\"><\/div><\/div><div class=\"wpforms-submit-container\" ><input type=\"hidden\" name=\"wpforms[id]\" value=\"1408114\"><input type=\"hidden\" name=\"wpforms[author]\" value=\"11\"><button type=\"submit\" name=\"wpforms[submit]\" class=\"wpforms-submit ixellesButton\" id=\"wpforms-submit-1408114\" value=\"wpforms-submit\" aria-live=\"assertive\" data-alt-text=\"Envoyer\" data-submit-text=\"Envoyer\">Envoyer<\/button><\/div><\/form><\/div>  <!-- .wpforms-container -->\n","protected":false},"excerpt":{"rendered":"Please enable JavaScript in your browser to complete this form.Formulaire de candidature &#039;KULT XL Ateliers 2023 - atelier europ\u00e9en&#039;1. Informations relatives au candidatVous \u00eates *une personne physique ou repr\u00e9sentant d'une association de faitune personne moralePr\u00e9nom *Nom *Nom de l&#039;organisation *Pr\u00e9nom du repr\u00e9sentant *Nom du repr\u00e9sentant *Code postal *Commune *T\u00e9l\u00e9phoneE-mail *2. AnnexesVotre dossier ne sera recevable [...]","protected":false},"author":11,"featured_media":0,"parent":0,"menu_order":0,"comment_status":"closed","ping_status":"closed","template":"","meta":{"_acf_changed":false,"_monsterinsights_skip_tracking":false,"_monsterinsights_sitenote_active":false,"_monsterinsights_sitenote_note":"","_monsterinsights_sitenote_category":0,"footnotes":""},"acf":[],"yoast_head":"<!-- This site is optimized with the Yoast SEO plugin v24.5 - https:\/\/yoast.com\/wordpress\/plugins\/seo\/ -->\n<title>Appel Atelier EU - Ixelles<\/title>\n<meta name=\"robots\" content=\"index, follow, max-snippet:-1, max-image-preview:large, max-video-preview:-1\" \/>\n<link rel=\"canonical\" href=\"https:\/\/culture.ixelles.be\/en\/appel-atelier-eu\/\" \/>\n<meta property=\"og:locale\" content=\"en_US\" \/>\n<meta property=\"og:type\" content=\"article\" \/>\n<meta property=\"og:title\" content=\"Appel Atelier EU - Ixelles\" \/>\n<meta property=\"og:url\" content=\"https:\/\/culture.ixelles.be\/en\/appel-atelier-eu\/\" \/>\n<meta property=\"og:site_name\" content=\"Ixelles\" \/>\n<meta name=\"twitter:card\" content=\"summary_large_image\" \/>\n<meta name=\"twitter:label1\" content=\"Est. reading time\" \/>\n\t<meta name=\"twitter:data1\" content=\"1 minute\" \/>\n<script type=\"application\/ld+json\" class=\"yoast-schema-graph\">{\"@context\":\"https:\/\/schema.org\",\"@graph\":[{\"@type\":\"WebPage\",\"@id\":\"https:\/\/culture.ixelles.be\/en\/appel-atelier-eu\/\",\"url\":\"https:\/\/culture.ixelles.be\/en\/appel-atelier-eu\/\",\"name\":\"Appel Atelier EU - Ixelles\",\"isPartOf\":{\"@id\":\"https:\/\/culture.ixelles.be\/en\/#website\"},\"datePublished\":\"2023-04-05T10:04:45+00:00\",\"breadcrumb\":{\"@id\":\"https:\/\/culture.ixelles.be\/en\/appel-atelier-eu\/#breadcrumb\"},\"inLanguage\":\"en-US\",\"potentialAction\":[{\"@type\":\"ReadAction\",\"target\":[\"https:\/\/culture.ixelles.be\/en\/appel-atelier-eu\/\"]}]},{\"@type\":\"BreadcrumbList\",\"@id\":\"https:\/\/culture.ixelles.be\/en\/appel-atelier-eu\/#breadcrumb\",\"itemListElement\":[{\"@type\":\"ListItem\",\"position\":1,\"name\":\"Accueil\",\"item\":\"https:\/\/culture.ixelles.be\/en\/\"},{\"@type\":\"ListItem\",\"position\":2,\"name\":\"Appel Atelier EU\"}]},{\"@type\":\"WebSite\",\"@id\":\"https:\/\/culture.ixelles.be\/en\/#website\",\"url\":\"https:\/\/culture.ixelles.be\/en\/\",\"name\":\"Ixelles\",\"description\":\"\",\"publisher\":{\"@id\":\"https:\/\/culture.ixelles.be\/en\/#organization\"},\"potentialAction\":[{\"@type\":\"SearchAction\",\"target\":{\"@type\":\"EntryPoint\",\"urlTemplate\":\"https:\/\/culture.ixelles.be\/en\/?s={search_term_string}\"},\"query-input\":{\"@type\":\"PropertyValueSpecification\",\"valueRequired\":true,\"valueName\":\"search_term_string\"}}],\"inLanguage\":\"en-US\"},{\"@type\":\"Organization\",\"@id\":\"https:\/\/culture.ixelles.be\/en\/#organization\",\"name\":\"Service culture Ixelles\",\"url\":\"https:\/\/culture.ixelles.be\/en\/\",\"logo\":{\"@type\":\"ImageObject\",\"inLanguage\":\"en-US\",\"@id\":\"https:\/\/culture.ixelles.be\/en\/#\/schema\/logo\/image\/\",\"url\":\"https:\/\/culture.ixelles.be\/wp-content\/uploads\/2021\/05\/ixelles_green.svg\",\"contentUrl\":\"https:\/\/culture.ixelles.be\/wp-content\/uploads\/2021\/05\/ixelles_green.svg\",\"width\":1,\"height\":1,\"caption\":\"Service culture Ixelles\"},\"image\":{\"@id\":\"https:\/\/culture.ixelles.be\/en\/#\/schema\/logo\/image\/\"}}]}<\/script>\n<!-- \/ Yoast SEO plugin. -->","yoast_head_json":{"title":"Appel Atelier EU - Ixelles","robots":{"index":"index","follow":"follow","max-snippet":"max-snippet:-1","max-image-preview":"max-image-preview:large","max-video-preview":"max-video-preview:-1"},"canonical":"https:\/\/culture.ixelles.be\/en\/appel-atelier-eu\/","og_locale":"en_US","og_type":"article","og_title":"Appel Atelier EU - Ixelles","og_url":"https:\/\/culture.ixelles.be\/en\/appel-atelier-eu\/","og_site_name":"Ixelles","twitter_card":"summary_large_image","twitter_misc":{"Est. reading time":"1 minute"},"schema":{"@context":"https:\/\/schema.org","@graph":[{"@type":"WebPage","@id":"https:\/\/culture.ixelles.be\/en\/appel-atelier-eu\/","url":"https:\/\/culture.ixelles.be\/en\/appel-atelier-eu\/","name":"Appel Atelier EU - Ixelles","isPartOf":{"@id":"https:\/\/culture.ixelles.be\/en\/#website"},"datePublished":"2023-04-05T10:04:45+00:00","breadcrumb":{"@id":"https:\/\/culture.ixelles.be\/en\/appel-atelier-eu\/#breadcrumb"},"inLanguage":"en-US","potentialAction":[{"@type":"ReadAction","target":["https:\/\/culture.ixelles.be\/en\/appel-atelier-eu\/"]}]},{"@type":"BreadcrumbList","@id":"https:\/\/culture.ixelles.be\/en\/appel-atelier-eu\/#breadcrumb","itemListElement":[{"@type":"ListItem","position":1,"name":"Accueil","item":"https:\/\/culture.ixelles.be\/en\/"},{"@type":"ListItem","position":2,"name":"Appel Atelier EU"}]},{"@type":"WebSite","@id":"https:\/\/culture.ixelles.be\/en\/#website","url":"https:\/\/culture.ixelles.be\/en\/","name":"Ixelles","description":"","publisher":{"@id":"https:\/\/culture.ixelles.be\/en\/#organization"},"potentialAction":[{"@type":"SearchAction","target":{"@type":"EntryPoint","urlTemplate":"https:\/\/culture.ixelles.be\/en\/?s={search_term_string}"},"query-input":{"@type":"PropertyValueSpecification","valueRequired":true,"valueName":"search_term_string"}}],"inLanguage":"en-US"},{"@type":"Organization","@id":"https:\/\/culture.ixelles.be\/en\/#organization","name":"Service culture Ixelles","url":"https:\/\/culture.ixelles.be\/en\/","logo":{"@type":"ImageObject","inLanguage":"en-US","@id":"https:\/\/culture.ixelles.be\/en\/#\/schema\/logo\/image\/","url":"https:\/\/culture.ixelles.be\/wp-content\/uploads\/2021\/05\/ixelles_green.svg","contentUrl":"https:\/\/culture.ixelles.be\/wp-content\/uploads\/2021\/05\/ixelles_green.svg","width":1,"height":1,"caption":"Service culture Ixelles"},"image":{"@id":"https:\/\/culture.ixelles.be\/en\/#\/schema\/logo\/image\/"}}]}},"_links":{"self":[{"href":"https:\/\/culture.ixelles.be\/en\/wp-json\/wp\/v2\/pages\/1408167"}],"collection":[{"href":"https:\/\/culture.ixelles.be\/en\/wp-json\/wp\/v2\/pages"}],"about":[{"href":"https:\/\/culture.ixelles.be\/en\/wp-json\/wp\/v2\/types\/page"}],"author":[{"embeddable":true,"href":"https:\/\/culture.ixelles.be\/en\/wp-json\/wp\/v2\/users\/11"}],"replies":[{"embeddable":true,"href":"https:\/\/culture.ixelles.be\/en\/wp-json\/wp\/v2\/comments?post=1408167"}],"version-history":[{"count":1,"href":"https:\/\/culture.ixelles.be\/en\/wp-json\/wp\/v2\/pages\/1408167\/revisions"}],"predecessor-version":[{"id":1408169,"href":"https:\/\/culture.ixelles.be\/en\/wp-json\/wp\/v2\/pages\/1408167\/revisions\/1408169"}],"wp:attachment":[{"href":"https:\/\/culture.ixelles.be\/en\/wp-json\/wp\/v2\/media?parent=1408167"}],"curies":[{"name":"wp","href":"https:\/\/api.w.org\/{rel}","templated":true}]}}