{"id":152996,"date":"2021-09-22T12:20:08","date_gmt":"2021-09-22T12:20:08","guid":{"rendered":"https:\/\/culture.ixelles.be\/?page_id=152996"},"modified":"2022-01-04T17:08:55","modified_gmt":"2022-01-04T17:08:55","slug":"rencontre-du-reseau-culturel-xl-elzenhof","status":"publish","type":"page","link":"https:\/\/culture.ixelles.be\/fr\/rencontre-du-reseau-culturel-xl-elzenhof\/","title":{"rendered":"Rencontre du r\u00e9seau culturel XL @ Elzenhof"},"content":{"rendered":"<div class=\"wpb-content-wrapper\"><p>[vc_row][vc_column][vc_single_image image=\u00a0\u00bb153021&Prime; img_size=\u00a0\u00bbfull\u00a0\u00bb alignment=\u00a0\u00bbcenter\u00a0\u00bb][\/vc_column][\/vc_row][vc_row][vc_column][vc_column_text]<\/p>\n<h1>Rencontre du r\u00e9seau culturel ixellois @Elzenhof<\/h1>\n<p>[\/vc_column_text][\/vc_column][\/vc_row][vc_row][vc_column][vc_column_text]Le <strong>mercredi 13 octobre<\/strong>, les op\u00e9rateurs culturels sont invit\u00e9s \u00e0 une rencontre inspirante du r\u00e9seau au centre communautaire r\u00e9nov\u00e9 GC Elzenhof (Avenue de la Couronne 12, 1050 Ixelles).<\/p>\n<p>Un maximum de 2 participants par organisation peut y prendre part. Le nombre total de participants est limit\u00e9 \u00e0 60. Votre Covid Safe Ticket et une pi\u00e8ce d&rsquo;identit\u00e9 vous seront demand\u00e9s \u00e0 l&rsquo;entr\u00e9e (obligatoire pour les \u00e9v\u00e9nements en int\u00e9rieur de plus de 50 participants en r\u00e9gion bruxelloise).[\/vc_column_text][vc_column_text]<\/p>\n<h3>Programme<\/h3>\n<p>09.30 Accueil<br \/>\n10.00 Discours d&rsquo;ouverture des \u00e9chevins de la culture d&rsquo;Ixelles<br \/>\n10.15 Moment de feedback sur la rentr\u00e9e culturelle<br \/>\n10.40 Pr\u00e9sentations &lsquo;Organisations en transformation&rsquo;<br \/>\n11.30 Pr\u00e9sentation GC Elzenhof + visite guid\u00e9e des lieux r\u00e9nov\u00e9s<br \/>\n12.00 Lunch de r\u00e9seautage<\/p>\n<p>[\/vc_column_text][\/vc_column][\/vc_row]<\/p>\n<\/div>","protected":false},"excerpt":{"rendered":"<p>[vc_row][vc_column][vc_single_image image=\u00a0\u00bb153021&Prime; img_size=\u00a0\u00bbfull\u00a0\u00bb alignment=\u00a0\u00bbcenter\u00a0\u00bb][\/vc_column][\/vc_row][vc_row][vc_column][vc_column_text] Rencontre du r\u00e9seau culturel ixellois @Elzenhof [\/vc_column_text][\/vc_column][\/vc_row][vc_row][vc_column][vc_column_text]Le mercredi 13 octobre, les op\u00e9rateurs culturels sont invit\u00e9s \u00e0 une rencontre inspirante du r\u00e9seau au centre communautaire r\u00e9nov\u00e9 GC Elzenhof (Avenue de la Couronne 12, 1050 Ixelles). Un maximum de 2 participants par organisation peut y prendre part. Le nombre total de participants est [&hellip;]<\/p>\n","protected":false},"author":6,"featured_media":0,"parent":0,"menu_order":0,"comment_status":"closed","ping_status":"closed","template":"","meta":{"_acf_changed":false,"_monsterinsights_skip_tracking":false,"_monsterinsights_sitenote_active":false,"_monsterinsights_sitenote_note":"","_monsterinsights_sitenote_category":0,"footnotes":""},"acf":[],"yoast_head":"<!-- This site is optimized with the Yoast SEO plugin v24.5 - https:\/\/yoast.com\/wordpress\/plugins\/seo\/ -->\n<title>Rencontre du r\u00e9seau culturel XL @ Elzenhof - Ixelles<\/title>\n<meta name=\"robots\" content=\"index, follow, max-snippet:-1, max-image-preview:large, max-video-preview:-1\" \/>\n<link rel=\"canonical\" href=\"https:\/\/culture.ixelles.be\/fr\/rencontre-du-reseau-culturel-xl-elzenhof\/\" \/>\n<meta property=\"og:locale\" content=\"fr_FR\" \/>\n<meta property=\"og:type\" content=\"article\" \/>\n<meta property=\"og:title\" content=\"Rencontre du r\u00e9seau culturel XL @ Elzenhof - Ixelles\" \/>\n<meta property=\"og:description\" content=\"[vc_row][vc_column][vc_single_image image=\u00a0\u00bb153021&Prime; img_size=\u00a0\u00bbfull\u00a0\u00bb alignment=\u00a0\u00bbcenter\u00a0\u00bb][\/vc_column][\/vc_row][vc_row][vc_column][vc_column_text] Rencontre du r\u00e9seau culturel ixellois @Elzenhof [\/vc_column_text][\/vc_column][\/vc_row][vc_row][vc_column][vc_column_text]Le mercredi 13 octobre, les op\u00e9rateurs culturels sont invit\u00e9s \u00e0 une rencontre inspirante du r\u00e9seau au centre communautaire r\u00e9nov\u00e9 GC Elzenhof (Avenue de la Couronne 12, 1050 Ixelles). Un maximum de 2 participants par organisation peut y prendre part. Le nombre total de participants est [&hellip;]\" \/>\n<meta property=\"og:url\" content=\"https:\/\/culture.ixelles.be\/fr\/rencontre-du-reseau-culturel-xl-elzenhof\/\" \/>\n<meta property=\"og:site_name\" content=\"Ixelles\" \/>\n<meta property=\"article:modified_time\" content=\"2022-01-04T17:08:55+00:00\" \/>\n<meta name=\"twitter:card\" content=\"summary_large_image\" \/>\n<meta name=\"twitter:label1\" content=\"Dur\u00e9e de lecture estim\u00e9e\" \/>\n\t<meta name=\"twitter:data1\" content=\"1 minute\" \/>\n<script type=\"application\/ld+json\" class=\"yoast-schema-graph\">{\"@context\":\"https:\/\/schema.org\",\"@graph\":[{\"@type\":\"WebPage\",\"@id\":\"https:\/\/culture.ixelles.be\/fr\/rencontre-du-reseau-culturel-xl-elzenhof\/\",\"url\":\"https:\/\/culture.ixelles.be\/fr\/rencontre-du-reseau-culturel-xl-elzenhof\/\",\"name\":\"Rencontre du r\u00e9seau culturel XL @ Elzenhof - Ixelles\",\"isPartOf\":{\"@id\":\"https:\/\/culture.ixelles.be\/fr\/#website\"},\"datePublished\":\"2021-09-22T12:20:08+00:00\",\"dateModified\":\"2022-01-04T17:08:55+00:00\",\"breadcrumb\":{\"@id\":\"https:\/\/culture.ixelles.be\/fr\/rencontre-du-reseau-culturel-xl-elzenhof\/#breadcrumb\"},\"inLanguage\":\"fr-FR\",\"potentialAction\":[{\"@type\":\"ReadAction\",\"target\":[\"https:\/\/culture.ixelles.be\/fr\/rencontre-du-reseau-culturel-xl-elzenhof\/\"]}]},{\"@type\":\"BreadcrumbList\",\"@id\":\"https:\/\/culture.ixelles.be\/fr\/rencontre-du-reseau-culturel-xl-elzenhof\/#breadcrumb\",\"itemListElement\":[{\"@type\":\"ListItem\",\"position\":1,\"name\":\"Accueil\",\"item\":\"https:\/\/culture.ixelles.be\/fr\/\"},{\"@type\":\"ListItem\",\"position\":2,\"name\":\"Rencontre du r\u00e9seau culturel XL @ Elzenhof\"}]},{\"@type\":\"WebSite\",\"@id\":\"https:\/\/culture.ixelles.be\/fr\/#website\",\"url\":\"https:\/\/culture.ixelles.be\/fr\/\",\"name\":\"Ixelles\",\"description\":\"\",\"publisher\":{\"@id\":\"https:\/\/culture.ixelles.be\/fr\/#organization\"},\"potentialAction\":[{\"@type\":\"SearchAction\",\"target\":{\"@type\":\"EntryPoint\",\"urlTemplate\":\"https:\/\/culture.ixelles.be\/fr\/?s={search_term_string}\"},\"query-input\":{\"@type\":\"PropertyValueSpecification\",\"valueRequired\":true,\"valueName\":\"search_term_string\"}}],\"inLanguage\":\"fr-FR\"},{\"@type\":\"Organization\",\"@id\":\"https:\/\/culture.ixelles.be\/fr\/#organization\",\"name\":\"Service culture Ixelles\",\"url\":\"https:\/\/culture.ixelles.be\/fr\/\",\"logo\":{\"@type\":\"ImageObject\",\"inLanguage\":\"fr-FR\",\"@id\":\"https:\/\/culture.ixelles.be\/fr\/#\/schema\/logo\/image\/\",\"url\":\"https:\/\/culture.ixelles.be\/wp-content\/uploads\/2021\/05\/ixelles_green.svg\",\"contentUrl\":\"https:\/\/culture.ixelles.be\/wp-content\/uploads\/2021\/05\/ixelles_green.svg\",\"width\":1,\"height\":1,\"caption\":\"Service culture Ixelles\"},\"image\":{\"@id\":\"https:\/\/culture.ixelles.be\/fr\/#\/schema\/logo\/image\/\"}}]}<\/script>\n<!-- \/ Yoast SEO plugin. -->","yoast_head_json":{"title":"Rencontre du r\u00e9seau culturel XL @ Elzenhof - Ixelles","robots":{"index":"index","follow":"follow","max-snippet":"max-snippet:-1","max-image-preview":"max-image-preview:large","max-video-preview":"max-video-preview:-1"},"canonical":"https:\/\/culture.ixelles.be\/fr\/rencontre-du-reseau-culturel-xl-elzenhof\/","og_locale":"fr_FR","og_type":"article","og_title":"Rencontre du r\u00e9seau culturel XL @ Elzenhof - Ixelles","og_description":"[vc_row][vc_column][vc_single_image image=\u00a0\u00bb153021&Prime; img_size=\u00a0\u00bbfull\u00a0\u00bb alignment=\u00a0\u00bbcenter\u00a0\u00bb][\/vc_column][\/vc_row][vc_row][vc_column][vc_column_text] Rencontre du r\u00e9seau culturel ixellois @Elzenhof [\/vc_column_text][\/vc_column][\/vc_row][vc_row][vc_column][vc_column_text]Le mercredi 13 octobre, les op\u00e9rateurs culturels sont invit\u00e9s \u00e0 une rencontre inspirante du r\u00e9seau au centre communautaire r\u00e9nov\u00e9 GC Elzenhof (Avenue de la Couronne 12, 1050 Ixelles). Un maximum de 2 participants par organisation peut y prendre part. Le nombre total de participants est [&hellip;]","og_url":"https:\/\/culture.ixelles.be\/fr\/rencontre-du-reseau-culturel-xl-elzenhof\/","og_site_name":"Ixelles","article_modified_time":"2022-01-04T17:08:55+00:00","twitter_card":"summary_large_image","twitter_misc":{"Dur\u00e9e de lecture estim\u00e9e":"1 minute"},"schema":{"@context":"https:\/\/schema.org","@graph":[{"@type":"WebPage","@id":"https:\/\/culture.ixelles.be\/fr\/rencontre-du-reseau-culturel-xl-elzenhof\/","url":"https:\/\/culture.ixelles.be\/fr\/rencontre-du-reseau-culturel-xl-elzenhof\/","name":"Rencontre du r\u00e9seau culturel XL @ Elzenhof - Ixelles","isPartOf":{"@id":"https:\/\/culture.ixelles.be\/fr\/#website"},"datePublished":"2021-09-22T12:20:08+00:00","dateModified":"2022-01-04T17:08:55+00:00","breadcrumb":{"@id":"https:\/\/culture.ixelles.be\/fr\/rencontre-du-reseau-culturel-xl-elzenhof\/#breadcrumb"},"inLanguage":"fr-FR","potentialAction":[{"@type":"ReadAction","target":["https:\/\/culture.ixelles.be\/fr\/rencontre-du-reseau-culturel-xl-elzenhof\/"]}]},{"@type":"BreadcrumbList","@id":"https:\/\/culture.ixelles.be\/fr\/rencontre-du-reseau-culturel-xl-elzenhof\/#breadcrumb","itemListElement":[{"@type":"ListItem","position":1,"name":"Accueil","item":"https:\/\/culture.ixelles.be\/fr\/"},{"@type":"ListItem","position":2,"name":"Rencontre du r\u00e9seau culturel XL @ Elzenhof"}]},{"@type":"WebSite","@id":"https:\/\/culture.ixelles.be\/fr\/#website","url":"https:\/\/culture.ixelles.be\/fr\/","name":"Ixelles","description":"","publisher":{"@id":"https:\/\/culture.ixelles.be\/fr\/#organization"},"potentialAction":[{"@type":"SearchAction","target":{"@type":"EntryPoint","urlTemplate":"https:\/\/culture.ixelles.be\/fr\/?s={search_term_string}"},"query-input":{"@type":"PropertyValueSpecification","valueRequired":true,"valueName":"search_term_string"}}],"inLanguage":"fr-FR"},{"@type":"Organization","@id":"https:\/\/culture.ixelles.be\/fr\/#organization","name":"Service culture Ixelles","url":"https:\/\/culture.ixelles.be\/fr\/","logo":{"@type":"ImageObject","inLanguage":"fr-FR","@id":"https:\/\/culture.ixelles.be\/fr\/#\/schema\/logo\/image\/","url":"https:\/\/culture.ixelles.be\/wp-content\/uploads\/2021\/05\/ixelles_green.svg","contentUrl":"https:\/\/culture.ixelles.be\/wp-content\/uploads\/2021\/05\/ixelles_green.svg","width":1,"height":1,"caption":"Service culture Ixelles"},"image":{"@id":"https:\/\/culture.ixelles.be\/fr\/#\/schema\/logo\/image\/"}}]}},"_links":{"self":[{"href":"https:\/\/culture.ixelles.be\/fr\/wp-json\/wp\/v2\/pages\/152996"}],"collection":[{"href":"https:\/\/culture.ixelles.be\/fr\/wp-json\/wp\/v2\/pages"}],"about":[{"href":"https:\/\/culture.ixelles.be\/fr\/wp-json\/wp\/v2\/types\/page"}],"author":[{"embeddable":true,"href":"https:\/\/culture.ixelles.be\/fr\/wp-json\/wp\/v2\/users\/6"}],"replies":[{"embeddable":true,"href":"https:\/\/culture.ixelles.be\/fr\/wp-json\/wp\/v2\/comments?post=152996"}],"version-history":[{"count":0,"href":"https:\/\/culture.ixelles.be\/fr\/wp-json\/wp\/v2\/pages\/152996\/revisions"}],"wp:attachment":[{"href":"https:\/\/culture.ixelles.be\/fr\/wp-json\/wp\/v2\/media?parent=152996"}],"curies":[{"name":"wp","href":"https:\/\/api.w.org\/{rel}","templated":true}]}}