{"id":300273,"date":"2022-01-26T08:56:05","date_gmt":"2022-01-26T08:56:05","guid":{"rendered":"https:\/\/culture.ixelles.be\/staycationxl2022-formulier\/"},"modified":"2023-03-27T06:34:55","modified_gmt":"2023-03-27T06:34:55","slug":"summerxl2023-formulaire","status":"publish","type":"page","link":"https:\/\/culture.ixelles.be\/fr\/summerxl2023-formulaire\/","title":{"rendered":"Summer XL 2023: formulaire de candidature"},"content":{"rendered":"<div class=\"wpforms-container \" id=\"wpforms-300277\"><form id=\"wpforms-form-300277\" class=\"wpforms-validate wpforms-form\" data-formid=\"300277\" method=\"post\" enctype=\"multipart\/form-data\" action=\"\/fr\/wp-json\/wp\/v2\/pages\/300273?wpforms_form_id=300277\" data-token=\"bef02450ecdd7b3e7a15f67c2ca422df\"><noscript class=\"wpforms-error-noscript\">Veuillez activer JavaScript dans votre navigateur pour remplir ce formulaire.<\/noscript><div class=\"wpforms-field-container\"><div id=\"wpforms-300277-field_17-container\" class=\"wpforms-field wpforms-field-divider\" data-field-id=\"17\"><h3 id=\"wpforms-300277-field_17\" name=\"wpforms[fields][17]\">Formulaire de candidature &#039;Summer XL 2023&#039;<\/h3><\/div><div id=\"wpforms-300277-field_146-container\" class=\"wpforms-field wpforms-field-divider\" data-field-id=\"146\"><h3 id=\"wpforms-300277-field_146\" name=\"wpforms[fields][146]\">1. Informations relatives au candidat<\/h3><\/div><div id=\"wpforms-300277-field_132-container\" class=\"wpforms-field wpforms-field-radio wpforms-conditional-trigger\" data-field-id=\"132\"><label class=\"wpforms-field-label\" for=\"wpforms-300277-field_132\">Vous \u00eates <span class=\"wpforms-required-label\">*<\/span><\/label><ul id=\"wpforms-300277-field_132\" class=\"wpforms-field-required\"><li class=\"choice-1 depth-1\"><input type=\"radio\" id=\"wpforms-300277-field_132_1\" name=\"wpforms[fields][132]\" value=\"une personne physique ou repr\u00e9sentant d&#039;une association de fait\" required ><label class=\"wpforms-field-label-inline\" for=\"wpforms-300277-field_132_1\">une personne physique ou repr\u00e9sentant d'une association de fait<\/label><\/li><li class=\"choice-2 depth-1\"><input type=\"radio\" id=\"wpforms-300277-field_132_2\" name=\"wpforms[fields][132]\" value=\"une personne morale\" required ><label class=\"wpforms-field-label-inline\" for=\"wpforms-300277-field_132_2\">une personne morale<\/label><\/li><\/ul><\/div><div id=\"wpforms-300277-field_147-container\" class=\"wpforms-field wpforms-field-name wpforms-conditional-field wpforms-conditional-show\" data-field-id=\"147\" style=\"display:none;\"><label class=\"wpforms-field-label\" for=\"wpforms-300277-field_147\">Pr\u00e9nom <span class=\"wpforms-required-label\">*<\/span><\/label><input type=\"text\" id=\"wpforms-300277-field_147\" class=\"wpforms-field-medium wpforms-field-required\" name=\"wpforms[fields][147]\" required><\/div><div id=\"wpforms-300277-field_9-container\" class=\"wpforms-field wpforms-field-name wpforms-conditional-field wpforms-conditional-show\" data-field-id=\"9\" style=\"display:none;\"><label class=\"wpforms-field-label\" for=\"wpforms-300277-field_9\">Nom <span class=\"wpforms-required-label\">*<\/span><\/label><input type=\"text\" id=\"wpforms-300277-field_9\" class=\"wpforms-field-medium wpforms-field-required\" name=\"wpforms[fields][9]\" required><\/div><div id=\"wpforms-300277-field_143-container\" class=\"wpforms-field wpforms-field-name wpforms-conditional-field wpforms-conditional-show\" data-field-id=\"143\" style=\"display:none;\"><label class=\"wpforms-field-label\" for=\"wpforms-300277-field_143\">Nom de l&#039;organisation <span class=\"wpforms-required-label\">*<\/span><\/label><input type=\"text\" id=\"wpforms-300277-field_143\" class=\"wpforms-field-medium wpforms-field-required\" name=\"wpforms[fields][143]\" required><\/div><div id=\"wpforms-300277-field_148-container\" class=\"wpforms-field wpforms-field-name wpforms-conditional-field wpforms-conditional-show\" data-field-id=\"148\" style=\"display:none;\"><label class=\"wpforms-field-label\" for=\"wpforms-300277-field_148\">Pr\u00e9nom du repr\u00e9sentant <span class=\"wpforms-required-label\">*<\/span><\/label><input type=\"text\" id=\"wpforms-300277-field_148\" class=\"wpforms-field-medium wpforms-field-required\" name=\"wpforms[fields][148]\" required><\/div><div id=\"wpforms-300277-field_142-container\" class=\"wpforms-field wpforms-field-name wpforms-conditional-field wpforms-conditional-show\" data-field-id=\"142\" style=\"display:none;\"><label class=\"wpforms-field-label\" for=\"wpforms-300277-field_142\">Nom du repr\u00e9sentant <span class=\"wpforms-required-label\">*<\/span><\/label><input type=\"text\" id=\"wpforms-300277-field_142\" class=\"wpforms-field-medium wpforms-field-required\" name=\"wpforms[fields][142]\" required><\/div><div id=\"wpforms-300277-field_12-container\" class=\"wpforms-field wpforms-field-email wpforms-conditional-field wpforms-conditional-show\" data-field-id=\"12\" style=\"display:none;\"><label class=\"wpforms-field-label\" for=\"wpforms-300277-field_12\">E-mail <span class=\"wpforms-required-label\">*<\/span><\/label><input type=\"email\" id=\"wpforms-300277-field_12\" class=\"wpforms-field-medium wpforms-field-required\" name=\"wpforms[fields][12]\" placeholder=\"ilove@ixelles.be\" required><\/div><div id=\"wpforms-300277-field_149-container\" class=\"wpforms-field wpforms-field-divider\" data-field-id=\"149\"><h3 id=\"wpforms-300277-field_149\" name=\"wpforms[fields][149]\">2. Nom du projet<\/h3><\/div><div id=\"wpforms-300277-field_144-container\" class=\"wpforms-field wpforms-field-text\" data-field-id=\"144\"><label class=\"wpforms-field-label wpforms-label-hide\" for=\"wpforms-300277-field_144\">Nom du projet <span class=\"wpforms-required-label\">*<\/span><\/label><input type=\"text\" id=\"wpforms-300277-field_144\" class=\"wpforms-field-medium wpforms-field-required\" name=\"wpforms[fields][144]\" required><\/div><div id=\"wpforms-300277-field_126-container\" class=\"wpforms-field wpforms-field-divider\" data-field-id=\"126\"><h3 id=\"wpforms-300277-field_126\" name=\"wpforms[fields][126]\">3. Annexes<\/h3><div class=\"wpforms-field-description\">Votre dossier ne sera recevable que si les documents suivants sont annex\u00e9s \u00e0 la demande: <br \/><br \/>\r\n<strong>1) Le formulaire de candidature rempli<\/strong><br \/>\r\n<br\/> En cas que vous soumettez votre dossier <strong>en tant que personne morale<\/strong>:\r\n<br \/>\r\n<strong>2) Une preuve du mandat du repr\u00e9sentant <\/strong> (ex. statuts pour une asbl) <br \/><br \/>En cas <strong> d\u2019utilisation de l\u2019espace public<\/strong>:<br \/>\r\n<strong>3)\tUn plan d\u2019implantation <\/strong> \u00e0 l\u2019\u00e9chelle <br \/>\r\n<strong>4) Des photos et\/ou croquis<\/strong> des installations techniques et artistiques (le cas \u00e9ch\u00e9ant) <br \/>\r\n<strong>5) Plans <\/strong>de s\u00e9curit\u00e9, de mobilit\u00e9, de communication, de propret\u00e9, ... (le cas \u00e9ch\u00e9ant)\r\n<br \/><br \/>\r\n<\/div><\/div><div id=\"wpforms-300277-field_128-container\" class=\"wpforms-field wpforms-field-file-upload\" data-field-id=\"128\"><label class=\"wpforms-field-label\" for=\"wpforms-300277-field_128\">T\u00e9l\u00e9charger les annexes ici (.pdf, .doc, .docx) <span class=\"wpforms-required-label\">*<\/span><\/label><div class=\"wpforms-uploader\"\n\tdata-field-id=\"128\"\n\tdata-form-id=\"300277\"\n\tdata-input-name=\"wpforms_300277_128\"\n\tdata-extensions=\"pdf,doc,docx\"\n\tdata-max-size=\"2147483648\"\n\tdata-max-file-number=\"5\"\n\tdata-post-max-size=\"2147483648\"\n    data-max-parallel-uploads=\"4\"\n    data-parallel-uploads=\"true\"\n\tdata-file-chunk-size=\"2097152\">\n\t<div class=\"dz-message\">\n\t\t<svg viewBox=\"0 0 1024 1024\" focusable=\"false\" class=\"\" data-icon=\"inbox\" width=\"50px\" height=\"50px\" fill=\"#B1B1B1\" aria-hidden=\"true\"><path d=\"M885.2 446.3l-.2-.8-112.2-285.1c-5-16.1-19.9-27.2-36.8-27.2H281.2c-17 0-32.1 11.3-36.9 27.6L139.4 443l-.3.7-.2.8c-1.3 4.9-1.7 9.9-1 14.8-.1 1.6-.2 3.2-.2 4.8V830a60.9 60.9 0 0 0 60.8 60.8h627.2c33.5 0 60.8-27.3 60.9-60.8V464.1c0-1.3 0-2.6-.1-3.7.4-4.9 0-9.6-1.3-14.1zm-295.8-43l-.3 15.7c-.8 44.9-31.8 75.1-77.1 75.1-22.1 0-41.1-7.1-54.8-20.6S436 441.2 435.6 419l-.3-15.7H229.5L309 210h399.2l81.7 193.3H589.4zm-375 76.8h157.3c24.3 57.1 76 90.8 140.4 90.8 33.7 0 65-9.4 90.3-27.2 22.2-15.6 39.5-37.4 50.7-63.6h156.5V814H214.4V480.1z\"><\/path><\/svg>\n\t\t<span class=\"modern-title\">\n\t\t\tCliquez ou d\u00e9placez les fichiers vers cette zone pour les t\u00e9l\u00e9verser.\t\t<\/span>\n\n\t\t\t\t\t<span class=\"modern-hint\">\n\t\t\t\tVous pouvez t\u00e9l\u00e9verser jusqu\u2019\u00e0 5 fichiers.\t\t\t<\/span>\n\t\t\t<\/div>\n<\/div>\n<input type=\"text\" class=\"dropzone-input\"\n\tstyle=\"position:absolute!important;clip:rect(0,0,0,0)!important;height:1px!important;width:1px!important;border:0!important;overflow:hidden!important;padding:0!important;margin:0!important;\"\n\tid=\"wpforms-300277-field_128\"\n\tname=\"wpforms_300277_128\" required>\n<div class=\"wpforms-field-description\"><br><\/br><\/div><\/div><div id=\"wpforms-300277-field_145-container\" class=\"wpforms-field wpforms-field-checkbox\" data-field-id=\"145\"><ul id=\"wpforms-300277-field_145\" class=\"wpforms-field-required\"><li class=\"choice-1 depth-1\"><input type=\"checkbox\" id=\"wpforms-300277-field_145_1\" name=\"wpforms[fields][145][]\" value=\"Certifi\u00e9 sinc\u00e8re et v\u00e9ritable\" required ><label class=\"wpforms-field-label-inline\" for=\"wpforms-300277-field_145_1\">Certifi\u00e9 sinc\u00e8re et v\u00e9ritable<\/label><\/li><\/ul><\/div><div id=\"wpforms-300277-field_150-container\" class=\"wpforms-field wpforms-field-checkbox\" data-field-id=\"150\"><ul id=\"wpforms-300277-field_150\"><li class=\"choice-1 depth-1\"><input type=\"checkbox\" id=\"wpforms-300277-field_150_1\" name=\"wpforms[fields][150][]\" value=\"Je donne mon accord pour recevoir la newsletter du service Culture\"  ><label class=\"wpforms-field-label-inline\" for=\"wpforms-300277-field_150_1\">Je donne mon accord pour recevoir la newsletter du service Culture<\/label><\/li><\/ul><div class=\"wpforms-field-description\"><br\/br><\/div><\/div><div id=\"wpforms-300277-field_161-container\" class=\"wpforms-field wpforms-field-gdpr-checkbox\" data-field-id=\"161\"><label class=\"wpforms-field-label\" for=\"wpforms-300277-field_161\">Accord RGPD <span class=\"wpforms-required-label\">*<\/span><\/label><ul id=\"wpforms-300277-field_161\" class=\"wpforms-field-required\"><li class=\"choice-1\"><input type=\"checkbox\" id=\"wpforms-300277-field_161_1\" name=\"wpforms[fields][161][]\" value=\"J&#039;accepte le traitement de mes donn\u00e9es conform\u00e9ment \u00e0 la politique de confidentitalit\u00e9.\" required ><label class=\"wpforms-field-label-inline\" for=\"wpforms-300277-field_161_1\">J'accepte le traitement de mes donn\u00e9es conform\u00e9ment \u00e0 la politique de confidentitalit\u00e9.<\/label><\/li><\/ul><div class=\"wpforms-field-description\"><br\/br><strong> POLITIQUE DE CONFIDENTIALIT\u00c9\r\n<\/strong>\r\n<br\/br>\r\n<br\/br>\r\n<small>En conformit\u00e9 avec le r\u00e8glement europ\u00e9en 2016\/679 (RGPD) relatif \u00e0 la protection des donn\u00e9es \u00e0\r\ncaract\u00e8re personnel et avec la r\u00e9glementation belge en la mati\u00e8re notamment la loi du 30 juillet 2018\r\nrelative \u00e0 la protection des personnes physiques \u00e0 l\u2019\u00e9gard des traitements de donn\u00e9es \u00e0 caract\u00e8re\r\npersonnel, nous vous communiquons les informations suivantes:\r\n<br\/br>\r\n<br\/br>\r\nLe responsable du traitement est la Commune, chauss\u00e9e d\u2019Ixelles, 168 \u00e0 1050 Bruxelles - 02 515 61\r\n11 \u2013 secretariat@ixelles.brussels.\r\n<br\/br>\r\n<br\/br>\r\nLe d\u00e9l\u00e9gu\u00e9 \u00e0 la protection des donn\u00e9es peut \u00eatre contact\u00e9 \u00e0 l\u2019adresse dpo@ixelles.brussels.\r\n<br\/br>\r\n<br\/br>\r\nLes finalit\u00e9s du traitement de vos donn\u00e9es sont:\r\n<br\/br>\r\n- V\u00e9rification de la recevabilit\u00e9 administrative de la candidature\r\n<br\/br>\r\n- R\u00e9colte des donn\u00e9es n\u00e9cessaires pour pouvoir, en cas de s\u00e9lection, attribuer la subvention et\r\nde vous inviter en cas de s\u00e9lection.\r\n<br\/br>\r\n<br\/br>\r\nLes donn\u00e9es \u00e0 caract\u00e8re personnel sont r\u00e9serv\u00e9es \u00e0 usage interne de l\u2019administration.\r\nVos donn\u00e9es seront conserv\u00e9es cinq ans apr\u00e8s la s\u00e9lection des laur\u00e9at\u00b7e\u00b7s.\r\n<br\/br>\r\n<br\/br>\r\nVous disposez, \u00e0 tout moment et sauf disposition contraire pr\u00e9vue au RGPD (notamment l\u2019article 17\r\n\u00a73), d\u2019un droit d\u2019acc\u00e8s \u00e0 vos donn\u00e9es, de rectification et d\u2019effacement de vos donn\u00e9es, ainsi que de\r\nlimitation du traitement des donn\u00e9es vous concernant.\r\n<br\/br>\r\n<br\/br>\r\nToute demande relative \u00e0 l\u2019exercice de vos droits peut \u00eatre introduite par courrier\/courriel \u00e0 l\u2019attention\r\nde la Commune. Service Culture \u2013 168 Chauss\u00e9e d\u2019Ixelles, 1050 Bruxelles \u2013 02 515 64 63 \u2013\r\nculture@ixelles.brussels\r\n<br\/br>\r\n<br\/br>\r\nVous avez le droit d'introduire une r\u00e9clamation aupr\u00e8s d'une autorit\u00e9 de contr\u00f4le, en Belgique,\r\nl\u2019APD Rue de la Presse, 35 \u00e0 1000 Bruxelles \u2013 32 (0)2 274 48 00 - contact@apd-gba.be<\/small><\/div><\/div><div id=\"wpforms-300277-field_152-container\" class=\"wpforms-field wpforms-field-divider\" data-field-id=\"152\"><div class=\"wpforms-field-description\"><br><\/br> * N\u00e9cessaire<\/div><\/div><\/div><div class=\"wpforms-submit-container\" ><input type=\"hidden\" name=\"wpforms[id]\" value=\"300277\"><input type=\"hidden\" name=\"wpforms[author]\" value=\"4\"><button type=\"submit\" name=\"wpforms[submit]\" class=\"wpforms-submit ixellesButton\" id=\"wpforms-submit-300277\" value=\"wpforms-submit\" aria-live=\"assertive\" data-alt-text=\"Envoyer\" data-submit-text=\"Envoyer\">Envoyer<\/button><\/div><\/form><\/div>  <!-- .wpforms-container -->\n","protected":false},"excerpt":{"rendered":"Veuillez activer JavaScript dans votre navigateur pour remplir ce formulaire.Formulaire de candidature &#039;Summer XL 2023&#039;1. Informations relatives au candidatVous \u00eates *une personne physique ou repr\u00e9sentant d'une association de faitune personne moralePr\u00e9nom *Nom *Nom de l&#039;organisation *Pr\u00e9nom du repr\u00e9sentant *Nom du repr\u00e9sentant *E-mail *2. Nom du projetNom du projet *3. AnnexesVotre dossier ne sera recevable que [...]","protected":false},"author":4,"featured_media":0,"parent":0,"menu_order":0,"comment_status":"closed","ping_status":"closed","template":"","meta":{"_acf_changed":false,"_monsterinsights_skip_tracking":false,"_monsterinsights_sitenote_active":false,"_monsterinsights_sitenote_note":"","_monsterinsights_sitenote_category":0,"footnotes":""},"acf":[],"yoast_head":"<!-- This site is optimized with the Yoast SEO plugin v24.5 - https:\/\/yoast.com\/wordpress\/plugins\/seo\/ -->\n<title>Summer XL 2023: formulaire de candidature - Ixelles<\/title>\n<meta name=\"robots\" content=\"index, follow, max-snippet:-1, max-image-preview:large, max-video-preview:-1\" \/>\n<link rel=\"canonical\" href=\"https:\/\/culture.ixelles.be\/fr\/summerxl2023-formulaire\/\" \/>\n<meta property=\"og:locale\" content=\"fr_FR\" \/>\n<meta property=\"og:type\" content=\"article\" \/>\n<meta property=\"og:title\" content=\"Summer XL 2023: formulaire de candidature - Ixelles\" \/>\n<meta property=\"og:url\" content=\"https:\/\/culture.ixelles.be\/fr\/summerxl2023-formulaire\/\" \/>\n<meta property=\"og:site_name\" content=\"Ixelles\" \/>\n<meta property=\"article:modified_time\" content=\"2023-03-27T06:34:55+00:00\" \/>\n<meta name=\"twitter:card\" content=\"summary_large_image\" \/>\n<meta name=\"twitter:label1\" content=\"Dur\u00e9e de lecture estim\u00e9e\" \/>\n\t<meta name=\"twitter:data1\" content=\"1 minute\" \/>\n<script type=\"application\/ld+json\" class=\"yoast-schema-graph\">{\"@context\":\"https:\/\/schema.org\",\"@graph\":[{\"@type\":\"WebPage\",\"@id\":\"https:\/\/culture.ixelles.be\/fr\/summerxl2023-formulaire\/\",\"url\":\"https:\/\/culture.ixelles.be\/fr\/summerxl2023-formulaire\/\",\"name\":\"Summer XL 2023: formulaire de candidature - Ixelles\",\"isPartOf\":{\"@id\":\"https:\/\/culture.ixelles.be\/fr\/#website\"},\"datePublished\":\"2022-01-26T08:56:05+00:00\",\"dateModified\":\"2023-03-27T06:34:55+00:00\",\"breadcrumb\":{\"@id\":\"https:\/\/culture.ixelles.be\/fr\/summerxl2023-formulaire\/#breadcrumb\"},\"inLanguage\":\"fr-FR\",\"potentialAction\":[{\"@type\":\"ReadAction\",\"target\":[\"https:\/\/culture.ixelles.be\/fr\/summerxl2023-formulaire\/\"]}]},{\"@type\":\"BreadcrumbList\",\"@id\":\"https:\/\/culture.ixelles.be\/fr\/summerxl2023-formulaire\/#breadcrumb\",\"itemListElement\":[{\"@type\":\"ListItem\",\"position\":1,\"name\":\"Accueil\",\"item\":\"https:\/\/culture.ixelles.be\/fr\/\"},{\"@type\":\"ListItem\",\"position\":2,\"name\":\"Summer XL 2023: formulaire de candidature\"}]},{\"@type\":\"WebSite\",\"@id\":\"https:\/\/culture.ixelles.be\/fr\/#website\",\"url\":\"https:\/\/culture.ixelles.be\/fr\/\",\"name\":\"Ixelles\",\"description\":\"\",\"publisher\":{\"@id\":\"https:\/\/culture.ixelles.be\/fr\/#organization\"},\"potentialAction\":[{\"@type\":\"SearchAction\",\"target\":{\"@type\":\"EntryPoint\",\"urlTemplate\":\"https:\/\/culture.ixelles.be\/fr\/?s={search_term_string}\"},\"query-input\":{\"@type\":\"PropertyValueSpecification\",\"valueRequired\":true,\"valueName\":\"search_term_string\"}}],\"inLanguage\":\"fr-FR\"},{\"@type\":\"Organization\",\"@id\":\"https:\/\/culture.ixelles.be\/fr\/#organization\",\"name\":\"Service culture Ixelles\",\"url\":\"https:\/\/culture.ixelles.be\/fr\/\",\"logo\":{\"@type\":\"ImageObject\",\"inLanguage\":\"fr-FR\",\"@id\":\"https:\/\/culture.ixelles.be\/fr\/#\/schema\/logo\/image\/\",\"url\":\"https:\/\/culture.ixelles.be\/wp-content\/uploads\/2021\/05\/ixelles_green.svg\",\"contentUrl\":\"https:\/\/culture.ixelles.be\/wp-content\/uploads\/2021\/05\/ixelles_green.svg\",\"width\":1,\"height\":1,\"caption\":\"Service culture Ixelles\"},\"image\":{\"@id\":\"https:\/\/culture.ixelles.be\/fr\/#\/schema\/logo\/image\/\"}}]}<\/script>\n<!-- \/ Yoast SEO plugin. -->","yoast_head_json":{"title":"Summer XL 2023: formulaire de candidature - Ixelles","robots":{"index":"index","follow":"follow","max-snippet":"max-snippet:-1","max-image-preview":"max-image-preview:large","max-video-preview":"max-video-preview:-1"},"canonical":"https:\/\/culture.ixelles.be\/fr\/summerxl2023-formulaire\/","og_locale":"fr_FR","og_type":"article","og_title":"Summer XL 2023: formulaire de candidature - Ixelles","og_url":"https:\/\/culture.ixelles.be\/fr\/summerxl2023-formulaire\/","og_site_name":"Ixelles","article_modified_time":"2023-03-27T06:34:55+00:00","twitter_card":"summary_large_image","twitter_misc":{"Dur\u00e9e de lecture estim\u00e9e":"1 minute"},"schema":{"@context":"https:\/\/schema.org","@graph":[{"@type":"WebPage","@id":"https:\/\/culture.ixelles.be\/fr\/summerxl2023-formulaire\/","url":"https:\/\/culture.ixelles.be\/fr\/summerxl2023-formulaire\/","name":"Summer XL 2023: formulaire de candidature - Ixelles","isPartOf":{"@id":"https:\/\/culture.ixelles.be\/fr\/#website"},"datePublished":"2022-01-26T08:56:05+00:00","dateModified":"2023-03-27T06:34:55+00:00","breadcrumb":{"@id":"https:\/\/culture.ixelles.be\/fr\/summerxl2023-formulaire\/#breadcrumb"},"inLanguage":"fr-FR","potentialAction":[{"@type":"ReadAction","target":["https:\/\/culture.ixelles.be\/fr\/summerxl2023-formulaire\/"]}]},{"@type":"BreadcrumbList","@id":"https:\/\/culture.ixelles.be\/fr\/summerxl2023-formulaire\/#breadcrumb","itemListElement":[{"@type":"ListItem","position":1,"name":"Accueil","item":"https:\/\/culture.ixelles.be\/fr\/"},{"@type":"ListItem","position":2,"name":"Summer XL 2023: formulaire de candidature"}]},{"@type":"WebSite","@id":"https:\/\/culture.ixelles.be\/fr\/#website","url":"https:\/\/culture.ixelles.be\/fr\/","name":"Ixelles","description":"","publisher":{"@id":"https:\/\/culture.ixelles.be\/fr\/#organization"},"potentialAction":[{"@type":"SearchAction","target":{"@type":"EntryPoint","urlTemplate":"https:\/\/culture.ixelles.be\/fr\/?s={search_term_string}"},"query-input":{"@type":"PropertyValueSpecification","valueRequired":true,"valueName":"search_term_string"}}],"inLanguage":"fr-FR"},{"@type":"Organization","@id":"https:\/\/culture.ixelles.be\/fr\/#organization","name":"Service culture Ixelles","url":"https:\/\/culture.ixelles.be\/fr\/","logo":{"@type":"ImageObject","inLanguage":"fr-FR","@id":"https:\/\/culture.ixelles.be\/fr\/#\/schema\/logo\/image\/","url":"https:\/\/culture.ixelles.be\/wp-content\/uploads\/2021\/05\/ixelles_green.svg","contentUrl":"https:\/\/culture.ixelles.be\/wp-content\/uploads\/2021\/05\/ixelles_green.svg","width":1,"height":1,"caption":"Service culture Ixelles"},"image":{"@id":"https:\/\/culture.ixelles.be\/fr\/#\/schema\/logo\/image\/"}}]}},"_links":{"self":[{"href":"https:\/\/culture.ixelles.be\/fr\/wp-json\/wp\/v2\/pages\/300273"}],"collection":[{"href":"https:\/\/culture.ixelles.be\/fr\/wp-json\/wp\/v2\/pages"}],"about":[{"href":"https:\/\/culture.ixelles.be\/fr\/wp-json\/wp\/v2\/types\/page"}],"author":[{"embeddable":true,"href":"https:\/\/culture.ixelles.be\/fr\/wp-json\/wp\/v2\/users\/4"}],"replies":[{"embeddable":true,"href":"https:\/\/culture.ixelles.be\/fr\/wp-json\/wp\/v2\/comments?post=300273"}],"version-history":[{"count":1,"href":"https:\/\/culture.ixelles.be\/fr\/wp-json\/wp\/v2\/pages\/300273\/revisions"}],"predecessor-version":[{"id":1404574,"href":"https:\/\/culture.ixelles.be\/fr\/wp-json\/wp\/v2\/pages\/300273\/revisions\/1404574"}],"wp:attachment":[{"href":"https:\/\/culture.ixelles.be\/fr\/wp-json\/wp\/v2\/media?parent=300273"}],"curies":[{"name":"wp","href":"https:\/\/api.w.org\/{rel}","templated":true}]}}